{"id":148,"date":"2025-02-26T09:10:42","date_gmt":"2025-02-26T09:10:42","guid":{"rendered":"https:\/\/edu.bilkent.edu.tr\/?page_id=148"},"modified":"2025-02-26T09:12:26","modified_gmt":"2025-02-26T09:12:26","slug":"hakkinda","status":"publish","type":"page","link":"https:\/\/edu.bilkent.edu.tr\/?page_id=148","title":{"rendered":"Hakk\u0131nda"},"content":{"rendered":"\n<p>E\u011fitim Fak\u00fcltesi, Temel E\u011fitim B\u00f6l\u00fcm\u00fc, S\u0131n\u0131f \u00d6\u011fretmenli\u011fi program\u0131, yenilik\u00e7i ve yarat\u0131c\u0131 \u00f6\u011fretim y\u00f6ntemlerini benimseyen, e\u011fitimle teknolojiyi b\u00fct\u00fcnle\u015ftiren, \u00fcst d\u00fczey ileti\u015fim becerilerine sahip ilkokul \u00f6\u011fretmenleri yeti\u015ftirme amac\u0131yla kurulmu\u015ftur. Program\u0131n ana hedefi, \u00f6\u011fretmen adaylar\u0131n\u0131n ileride \u00e7al\u0131\u015facaklar\u0131 her kurumda e\u011fitim kalitesini ileriye ta\u015f\u0131yacak niteliklerle yeti\u015fmesidir.<\/p>\n\n\n\n<p>Bilkent \u00dcniversitesi\u2019nde e\u011fitimin temelini olu\u015fturan disiplinleraras\u0131 anlay\u0131\u015f ve \u00e7ekirdek m\u00fcfredat uygulamas\u0131, \u00f6zellikle s\u0131n\u0131f \u00f6\u011fretmenli\u011fi altyap\u0131s\u0131 i\u00e7in kritik bir \u00f6neme sahiptir. Bu do\u011frultuda farkl\u0131 disiplinlerden beslenen bir lisans program\u0131 geli\u015ftirilmi\u015f, \u00f6\u011frencilerin sanattan teknolojiye, uygarl\u0131k tarihinden pozitif bilimlere uzanan \u00e7e\u015fitlilikte dersler alabilmesine \u00f6ncelik verilmi\u015ftir. \u00d6\u011frenciler, okullarda yapacaklar\u0131 uygulama ve stajlarla da \u00f6\u011fretmenli\u011fe ilk ad\u0131m\u0131 atacakt\u0131r.<\/p>\n\n\n\n<p>A\u011f\u0131rl\u0131kla \u0130ngilizce s\u00fcrd\u00fcr\u00fclecek programda \u00f6\u011frencilerin mesleki literat\u00fcr\u00fc uluslararas\u0131 \u00f6l\u00e7ekte takip edebilmesi hedeflenmi\u015ftir. Bu e\u011fitim modeli, mezunlar\u0131n devlet okullar\u0131n\u0131n yan\u0131 s\u0131ra T\u00fcrkiye\u2019de uluslararas\u0131 program uygulayan \u00f6zel okullar ve yurt d\u0131\u015f\u0131ndaki e\u011fitim kurumlar\u0131nda da \u00e7al\u0131\u015fabilmesine zemin haz\u0131rlayacakt\u0131r.<\/p>\n\n\n\n<p>\u00d6\u011frenciler ilk y\u0131lda e\u011fitim bilimi, bilgisayar uygulamalar\u0131 ve matematiksel d\u00fc\u015f\u00fcnmeye y\u00f6nelik dersler alacak, bu temeli ikinci y\u0131l\u0131n \u00f6\u011fretim teknolojileri ve y\u00f6ntemleri, de\u011ferlendirme, fiziki etkinlik ve okuma-yazma \u00f6\u011fretimi dersleriyle g\u00fc\u00e7lendirecektir. \u00dc\u00e7\u00fcnc\u00fc y\u0131lda mesleki ileti\u015fim, etik, okul y\u00f6netimi ve okul deneyimi ba\u015fl\u0131klar\u0131 a\u011f\u0131rl\u0131ktad\u0131r. \u00d6\u011fretmenlik uygulamas\u0131, rehberlik ve ara\u015ft\u0131rma y\u00f6ntemleri dersleri ise d\u00f6rd\u00fcnc\u00fc y\u0131l\u0131n belkemi\u011fini olu\u015fturmaktad\u0131r.<\/p>\n\n\n\n<p>S\u0131n\u0131f \u00f6\u011fretmenli\u011fi, e\u011fitim sisteminin en \u00f6nemli yap\u0131 ta\u015f\u0131d\u0131r. B\u00f6l\u00fcm\u00fcn \u00f6\u011frencileri temel e\u011fitimde \u00f6nc\u00fc roller \u00fcstlenecek birer \u00f6\u011fretmen kimli\u011fiyle mezun olacak, \u00e7ocuklara hayat boyu faydalanacaklar\u0131 \u00f6\u011frenme al\u0131\u015fkanl\u0131klar\u0131 kazand\u0131r\u0131rken, yeni nesillerin bireysel ve sosyal geli\u015fimine y\u00f6n verecektir.<\/p>\n","protected":false},"excerpt":{"rendered":"<p>E\u011fitim Fak\u00fcltesi, Temel E\u011fitim B\u00f6l\u00fcm\u00fc, S\u0131n\u0131f \u00d6\u011fretmenli\u011fi program\u0131, yenilik\u00e7i ve yarat\u0131c\u0131 \u00f6\u011fretim y\u00f6ntemlerini benimseyen, e\u011fitimle teknolojiyi b\u00fct\u00fcnle\u015ftiren, \u00fcst d\u00fczey ileti\u015fim becerilerine sahip ilkokul \u00f6\u011fretmenleri yeti\u015ftirme amac\u0131yla kurulmu\u015ftur. Program\u0131n ana hedefi, \u00f6\u011fretmen adaylar\u0131n\u0131n ileride \u00e7al\u0131\u015facaklar\u0131 her [&hellip;]<\/p>\n","protected":false},"author":1,"featured_media":0,"parent":0,"menu_order":0,"comment_status":"closed","ping_status":"closed","template":"","meta":{"footnotes":""},"class_list":["post-148","page","type-page","status-publish","hentry"],"_links":{"self":[{"href":"https:\/\/edu.bilkent.edu.tr\/index.php?rest_route=\/wp\/v2\/pages\/148","targetHints":{"allow":["GET"]}}],"collection":[{"href":"https:\/\/edu.bilkent.edu.tr\/index.php?rest_route=\/wp\/v2\/pages"}],"about":[{"href":"https:\/\/edu.bilkent.edu.tr\/index.php?rest_route=\/wp\/v2\/types\/page"}],"author":[{"embeddable":true,"href":"https:\/\/edu.bilkent.edu.tr\/index.php?rest_route=\/wp\/v2\/users\/1"}],"replies":[{"embeddable":true,"href":"https:\/\/edu.bilkent.edu.tr\/index.php?rest_route=%2Fwp%2Fv2%2Fcomments&post=148"}],"version-history":[{"count":1,"href":"https:\/\/edu.bilkent.edu.tr\/index.php?rest_route=\/wp\/v2\/pages\/148\/revisions"}],"predecessor-version":[{"id":149,"href":"https:\/\/edu.bilkent.edu.tr\/index.php?rest_route=\/wp\/v2\/pages\/148\/revisions\/149"}],"wp:attachment":[{"href":"https:\/\/edu.bilkent.edu.tr\/index.php?rest_route=%2Fwp%2Fv2%2Fmedia&parent=148"}],"curies":[{"name":"wp","href":"https:\/\/api.w.org\/{rel}","templated":true}]}}