{"id":43,"date":"2024-11-01T06:24:29","date_gmt":"2024-11-01T06:24:29","guid":{"rendered":"https:\/\/edu.bilkent.edu.tr\/?page_id=43"},"modified":"2025-09-11T17:31:48","modified_gmt":"2025-09-11T17:31:48","slug":"contact","status":"publish","type":"page","link":"https:\/\/edu.bilkent.edu.tr\/?page_id=43","title":{"rendered":"Contact"},"content":{"rendered":"\n<h4 class=\"wp-block-heading\">Address \/ Address<\/h4>\n\n\n\n<p>Bilkent \u00dcniversitesi, Merkez Kamp\u00fcs, G Binas\u0131, 2. Kat<br>Mon \u2013 Fri, 8:40-17:30<\/p>\n\n\n\n<h4 class=\"wp-block-heading\"><strong>Phone<\/strong>&nbsp;\/ Telefon<\/h4>\n\n\n\n<p>+90 312 290 1134<br>+90 312 290 2950<br>+90 312 290 3222<br>Mon \u2013 Fri, 8:40-17:30<\/p>\n\n\n\n<h4 class=\"wp-block-heading\"><strong>Email<\/strong>&nbsp;\/ Eposta<\/h4>\n\n\n\n<p>edu (at) bilkent edu  tr<\/p>\n\n\n\n<p><strong>Social Media:<\/strong><\/p>\n\n\n\n<p>instagram: <a href=\"https:\/\/www.instagram.com\/bilkent_basic_edu\/\" target=\"_blank\" rel=\"noreferrer noopener\">bilkent_basic_edu<\/a><\/p>\n\n\n\n<p>linkedin: <a href=\"https:\/\/www.linkedin.com\/in\/bilkent-u-basic-education-411a54352\" target=\"_blank\" rel=\"noreferrer noopener\">bilkent u basic education<\/a><\/p>\n","protected":false},"excerpt":{"rendered":"<p>Address \/ Address Bilkent \u00dcniversitesi, Merkez Kamp\u00fcs, G Binas\u0131, 2. KatMon \u2013 Fri, 8:40-17:30 Phone&nbsp;\/ Telefon +90 312 290 1134+90 312 290 2950+90 312 290 3222Mon \u2013 Fri, 8:40-17:30 Email&nbsp;\/ Eposta edu (at) bilkent edu [&hellip;]<\/p>\n","protected":false},"author":1,"featured_media":0,"parent":0,"menu_order":0,"comment_status":"closed","ping_status":"closed","template":"","meta":{"footnotes":""},"class_list":["post-43","page","type-page","status-publish","hentry"],"_links":{"self":[{"href":"https:\/\/edu.bilkent.edu.tr\/index.php?rest_route=\/wp\/v2\/pages\/43","targetHints":{"allow":["GET"]}}],"collection":[{"href":"https:\/\/edu.bilkent.edu.tr\/index.php?rest_route=\/wp\/v2\/pages"}],"about":[{"href":"https:\/\/edu.bilkent.edu.tr\/index.php?rest_route=\/wp\/v2\/types\/page"}],"author":[{"embeddable":true,"href":"https:\/\/edu.bilkent.edu.tr\/index.php?rest_route=\/wp\/v2\/users\/1"}],"replies":[{"embeddable":true,"href":"https:\/\/edu.bilkent.edu.tr\/index.php?rest_route=%2Fwp%2Fv2%2Fcomments&post=43"}],"version-history":[{"count":5,"href":"https:\/\/edu.bilkent.edu.tr\/index.php?rest_route=\/wp\/v2\/pages\/43\/revisions"}],"predecessor-version":[{"id":205,"href":"https:\/\/edu.bilkent.edu.tr\/index.php?rest_route=\/wp\/v2\/pages\/43\/revisions\/205"}],"wp:attachment":[{"href":"https:\/\/edu.bilkent.edu.tr\/index.php?rest_route=%2Fwp%2Fv2%2Fmedia&parent=43"}],"curies":[{"name":"wp","href":"https:\/\/api.w.org\/{rel}","templated":true}]}}